{"id":19391,"date":"2022-12-06T10:56:17","date_gmt":"2022-12-06T10:56:17","guid":{"rendered":"https:\/\/www.liski.it\/sostenibilita-ambientale\/"},"modified":"2023-01-25T15:23:28","modified_gmt":"2023-01-25T15:23:28","slug":"umweltvertraglichkeit","status":"publish","type":"page","link":"https:\/\/www.liski.it\/de\/umweltvertraglichkeit\/","title":{"rendered":"Umweltvertr\u00e4glichkeit"},"content":{"rendered":"\n<div class=\"wp-block-columns is-layout-flex wp-container-core-columns-is-layout-9d6595d7 wp-block-columns-is-layout-flex\">\n<div class=\"wp-block-column is-layout-flow wp-block-column-is-layout-flow\">\n<figure class=\"wp-block-image size-full\"><img loading=\"lazy\" decoding=\"async\" width=\"761\" height=\"549\" src=\"http:\/\/www.liski.it\/wp-content\/uploads\/2022\/12\/Cover_brochure.png\" alt=\"\" class=\"wp-image-19016\" srcset=\"https:\/\/www.liski.it\/wp-content\/uploads\/2022\/12\/Cover_brochure.png 761w, https:\/\/www.liski.it\/wp-content\/uploads\/2022\/12\/Cover_brochure-300x216.png 300w\" sizes=\"auto, (max-width: 761px) 100vw, 761px\" \/><\/figure>\n<\/div>\n\n\n\n<div class=\"wp-block-column is-layout-flow wp-block-column-is-layout-flow\">\n<p>Einer der wichtigsten Werte des Sports ist Respekt: \u200b\u200bRespekt der Regeln, vor den Gegnern, vor den Mitspielern.<br>Ein Wert, den wir uns seit der Gr\u00fcndung von Liski vor mehr als 40 Jahren zu eigen gemacht haben und den wir zunehmend auch auf die Umwelt ausdehnen. Liskis Unternehmen ist in den Bergen entstanden und gewachsen, einem der empfindlichsten \u00d6kosysteme, das Aufmerksamkeit und gleichzeitig Wertsch\u00e4tzung ben\u00f6tigt.Wir haben diesen Wert in unser Logo aufgenommen und unser K gr\u00fcn \u201egef\u00e4rbt\u201c, um deutlich zu machen, dass Liski immer nachhaltiger und respektvoller sein m\u00f6chte.<\/p>\n<\/div>\n<\/div>\n\n\n\n<p>Der n\u00e4chste Schritt bestand darin, dem Logo ein \u201egreen Tag\u201c hinzuzuf\u00fcgen, um alle Programme, die Liski und seine Partner umsetzen, um die Nachhaltigkeit ihrer Produkte und Aktivit\u00e4ten zu gew\u00e4hrleisten, klar zu identifizieren und zu kommunizieren.<\/p>\n\n\n\n<p><\/p>\n\n\n\n<figure class=\"wp-block-image size-large is-resized\"><img loading=\"lazy\" decoding=\"async\" src=\"http:\/\/www.liski.it\/wp-content\/uploads\/2022\/12\/Logo_neve-1024x332.jpg\" alt=\"\" class=\"wp-image-19058\" width=\"840\" height=\"272\" srcset=\"https:\/\/www.liski.it\/wp-content\/uploads\/2022\/12\/Logo_neve-1024x332.jpg 1024w, https:\/\/www.liski.it\/wp-content\/uploads\/2022\/12\/Logo_neve-300x97.jpg 300w, https:\/\/www.liski.it\/wp-content\/uploads\/2022\/12\/Logo_neve-768x249.jpg 768w, https:\/\/www.liski.it\/wp-content\/uploads\/2022\/12\/Logo_neve-1536x499.jpg 1536w, https:\/\/www.liski.it\/wp-content\/uploads\/2022\/12\/Logo_neve.jpg 1673w\" sizes=\"auto, (max-width: 840px) 100vw, 840px\" \/><\/figure>\n\n\n\n<p><strong>Unsere Forschungs- und Entwicklungsabteilung arbeitet st\u00e4ndig daran, neue L\u00f6sungen f\u00fcr dieses Engagement zu finden. Und als Sportler wissen wir: Engagement, Vorbereitung und Leidenschaft f\u00fchren zu Ergebnissen.<\/strong><\/p>\n","protected":false},"excerpt":{"rendered":"<p>Einer der wichtigsten Werte des Sports ist Respekt: \u200b\u200bRespekt der Regeln, vor den Gegnern, vor den Mitspielern.Ein Wert, den wir uns seit der Gr\u00fcndung von Liski vor mehr als 40 Jahren zu eigen gemacht haben und den wir zunehmend auch auf die Umwelt ausdehnen. Liskis Unternehmen ist in den Bergen entstanden und gewachsen, einem der [&hellip;]<\/p>\n","protected":false},"author":4,"featured_media":0,"parent":0,"menu_order":0,"comment_status":"closed","ping_status":"closed","template":"template_sostenibilita.php","meta":{"_acf_changed":false,"footnotes":""},"class_list":["post-19391","page","type-page","status-publish","hentry"],"acf":[],"_links":{"self":[{"href":"https:\/\/www.liski.it\/de\/wp-json\/wp\/v2\/pages\/19391","targetHints":{"allow":["GET"]}}],"collection":[{"href":"https:\/\/www.liski.it\/de\/wp-json\/wp\/v2\/pages"}],"about":[{"href":"https:\/\/www.liski.it\/de\/wp-json\/wp\/v2\/types\/page"}],"author":[{"embeddable":true,"href":"https:\/\/www.liski.it\/de\/wp-json\/wp\/v2\/users\/4"}],"replies":[{"embeddable":true,"href":"https:\/\/www.liski.it\/de\/wp-json\/wp\/v2\/comments?post=19391"}],"version-history":[{"count":2,"href":"https:\/\/www.liski.it\/de\/wp-json\/wp\/v2\/pages\/19391\/revisions"}],"predecessor-version":[{"id":19561,"href":"https:\/\/www.liski.it\/de\/wp-json\/wp\/v2\/pages\/19391\/revisions\/19561"}],"wp:attachment":[{"href":"https:\/\/www.liski.it\/de\/wp-json\/wp\/v2\/media?parent=19391"}],"curies":[{"name":"wp","href":"https:\/\/api.w.org\/{rel}","templated":true}]}}