{"id":19408,"date":"2022-12-06T11:13:35","date_gmt":"2022-12-06T11:13:35","guid":{"rendered":"https:\/\/www.liski.it\/sostenibilita-ambientale\/liski-green-poles\/"},"modified":"2025-10-06T10:12:29","modified_gmt":"2025-10-06T10:12:29","slug":"liski-green-poles","status":"publish","type":"page","link":"https:\/\/www.liski.it\/de\/umweltvertraglichkeit\/liski-green-poles\/","title":{"rendered":"Liski Green Poles"},"content":{"rendered":"\n<div class=\"wp-block-columns is-layout-flex wp-container-core-columns-is-layout-9d6595d7 wp-block-columns-is-layout-flex\">\n<div class=\"wp-block-column is-layout-flow wp-block-column-is-layout-flow\">\n<figure class=\"wp-block-image size-full\"><img loading=\"lazy\" decoding=\"async\" width=\"792\" height=\"569\" src=\"http:\/\/www.liski.it\/wp-content\/uploads\/2022\/12\/overons3.jpg\" alt=\"\" class=\"wp-image-19073\" srcset=\"https:\/\/www.liski.it\/wp-content\/uploads\/2022\/12\/overons3.jpg 792w, https:\/\/www.liski.it\/wp-content\/uploads\/2022\/12\/overons3-300x216.jpg 300w, https:\/\/www.liski.it\/wp-content\/uploads\/2022\/12\/overons3-768x552.jpg 768w\" sizes=\"auto, (max-width: 792px) 100vw, 792px\" \/><\/figure>\n<\/div>\n\n\n\n<div class=\"wp-block-column is-layout-flow wp-block-column-is-layout-flow\">\n<figure class=\"wp-block-image size-full\"><img loading=\"lazy\" decoding=\"async\" width=\"792\" height=\"569\" src=\"http:\/\/www.liski.it\/wp-content\/uploads\/2022\/12\/POLIAMMIDE_1.jpg\" alt=\"\" class=\"wp-image-19082\" srcset=\"https:\/\/www.liski.it\/wp-content\/uploads\/2022\/12\/POLIAMMIDE_1.jpg 792w, https:\/\/www.liski.it\/wp-content\/uploads\/2022\/12\/POLIAMMIDE_1-300x216.jpg 300w, https:\/\/www.liski.it\/wp-content\/uploads\/2022\/12\/POLIAMMIDE_1-768x552.jpg 768w\" sizes=\"auto, (max-width: 792px) 100vw, 792px\" \/><\/figure>\n<\/div>\n<\/div>\n\n\n\n<p>Seit einigen Jahren haben wir das Liski Green Poles-Programm eingef\u00fchrt: Wir holen Spitzen und Rohre am Ende ihres Lebenszyklus zur\u00fcck, zerkleinern sie und geben den Rohstoffen, aus denen sie bestehen, neues Leben, um neue Produkte zu schaffen, die bereit sind, wieder auf den Markt gesetzt zu werden.<\/p>\n\n\n\n<p>Eine Initiative, die einen wahren positiven Kreislauf schafft: Wir verwenden weniger Kunststoffmaterialien, wir reduzieren Abfall und die Entsorgung von Produkten, die nicht mehr verwendbar sind und wir sensibilisieren unsere Kunden f\u00fcr die Notwendigkeit, nachhaltige Verfahren anzuwenden wobei sie f\u00fcr ihr Engagement sogar eine Pr\u00e4mie bekommen: wer n\u00e4mlich Spitzen (Big) und kaputte Tuben zur\u00fcckschickt und damit einen Beitrag zum Umweltschutz leistet, erh\u00e4lt einen Rabattbonus auf k\u00fcnftige Bestellungen.<\/p>\n\n\n\n<p>Der von Liski geforderte Beitrag ist die R\u00fcckgabe der gereinigten Materialien auf Kosten des Kunden.<\/p>\n\n\n\n<h5 class=\"wp-block-heading\">MIT lISKI GREEN POLES HABEN WIR 2024 RECYCLET:<\/h5>\n\n\n\n<figure class=\"wp-block-image size-full\"><img loading=\"lazy\" decoding=\"async\" width=\"921\" height=\"339\" src=\"http:\/\/www.liski.it\/wp-content\/uploads\/2025\/10\/Immagine-2025-10-06-090623.jpg\" alt=\"\" class=\"wp-image-31296\" srcset=\"https:\/\/www.liski.it\/wp-content\/uploads\/2025\/10\/Immagine-2025-10-06-090623.jpg 921w, https:\/\/www.liski.it\/wp-content\/uploads\/2025\/10\/Immagine-2025-10-06-090623-300x110.jpg 300w, https:\/\/www.liski.it\/wp-content\/uploads\/2025\/10\/Immagine-2025-10-06-090623-768x283.jpg 768w\" sizes=\"auto, (max-width: 921px) 100vw, 921px\" \/><\/figure>\n","protected":false},"excerpt":{"rendered":"<p>Seit einigen Jahren haben wir das Liski Green Poles-Programm eingef\u00fchrt: Wir holen Spitzen und Rohre am Ende ihres Lebenszyklus zur\u00fcck, zerkleinern sie und geben den Rohstoffen, aus denen sie bestehen, neues Leben, um neue Produkte zu schaffen, die bereit sind, wieder auf den Markt gesetzt zu werden. Eine Initiative, die einen wahren positiven Kreislauf schafft: [&hellip;]<\/p>\n","protected":false},"author":4,"featured_media":0,"parent":19391,"menu_order":3,"comment_status":"closed","ping_status":"closed","template":"template_sostenibilita.php","meta":{"_acf_changed":false,"footnotes":""},"class_list":["post-19408","page","type-page","status-publish","hentry"],"acf":[],"_links":{"self":[{"href":"https:\/\/www.liski.it\/de\/wp-json\/wp\/v2\/pages\/19408","targetHints":{"allow":["GET"]}}],"collection":[{"href":"https:\/\/www.liski.it\/de\/wp-json\/wp\/v2\/pages"}],"about":[{"href":"https:\/\/www.liski.it\/de\/wp-json\/wp\/v2\/types\/page"}],"author":[{"embeddable":true,"href":"https:\/\/www.liski.it\/de\/wp-json\/wp\/v2\/users\/4"}],"replies":[{"embeddable":true,"href":"https:\/\/www.liski.it\/de\/wp-json\/wp\/v2\/comments?post=19408"}],"version-history":[{"count":3,"href":"https:\/\/www.liski.it\/de\/wp-json\/wp\/v2\/pages\/19408\/revisions"}],"predecessor-version":[{"id":31300,"href":"https:\/\/www.liski.it\/de\/wp-json\/wp\/v2\/pages\/19408\/revisions\/31300"}],"up":[{"embeddable":true,"href":"https:\/\/www.liski.it\/de\/wp-json\/wp\/v2\/pages\/19391"}],"wp:attachment":[{"href":"https:\/\/www.liski.it\/de\/wp-json\/wp\/v2\/media?parent=19408"}],"curies":[{"name":"wp","href":"https:\/\/api.w.org\/{rel}","templated":true}]}}