{"id":8918,"date":"2017-12-15T14:03:14","date_gmt":"2017-12-15T14:03:14","guid":{"rendered":"http:\/\/www.liski.it\/home\/"},"modified":"2026-02-12T09:02:36","modified_gmt":"2026-02-12T09:02:36","slug":"home","status":"publish","type":"page","link":"https:\/\/www.liski.it\/de\/","title":{"rendered":"Home"},"content":{"rendered":"<p>Liski allen, die auf dem Sportsektor t\u00e4tig sind, als Ansprechpartner an, der in der Lage ist, f\u00fcr jedes Problem neue und praktische L\u00f6sungen zu pr\u00fcfen und zu finden.<br \/>\nUnsere Produkte sind das Fazit von jahrelangem Kampfgeist, von Forschung, Technologie und Leidenschaft, der wahren Antriebskraft des Enthusiasmus des Unternehmens Liski, das hier und in den Wettk\u00e4mpfen die Geschichte des Sportes erz\u00e4hlt.<\/p>\n","protected":false},"excerpt":{"rendered":"<p>Liski allen, die auf dem Sportsektor t\u00e4tig sind, als Ansprechpartner an, der in der Lage ist, f\u00fcr jedes Problem neue und praktische L\u00f6sungen zu pr\u00fcfen und zu finden. Unsere Produkte sind das Fazit von jahrelangem Kampfgeist, von Forschung, Technologie und Leidenschaft, der wahren Antriebskraft des Enthusiasmus des Unternehmens Liski, das hier und in den Wettk\u00e4mpfen [&hellip;]<\/p>\n","protected":false},"author":4,"featured_media":0,"parent":0,"menu_order":23,"comment_status":"closed","ping_status":"closed","template":"template_home.php","meta":{"_acf_changed":false,"footnotes":""},"class_list":["post-8918","page","type-page","status-publish","hentry"],"acf":[],"_links":{"self":[{"href":"https:\/\/www.liski.it\/de\/wp-json\/wp\/v2\/pages\/8918","targetHints":{"allow":["GET"]}}],"collection":[{"href":"https:\/\/www.liski.it\/de\/wp-json\/wp\/v2\/pages"}],"about":[{"href":"https:\/\/www.liski.it\/de\/wp-json\/wp\/v2\/types\/page"}],"author":[{"embeddable":true,"href":"https:\/\/www.liski.it\/de\/wp-json\/wp\/v2\/users\/4"}],"replies":[{"embeddable":true,"href":"https:\/\/www.liski.it\/de\/wp-json\/wp\/v2\/comments?post=8918"}],"version-history":[{"count":158,"href":"https:\/\/www.liski.it\/de\/wp-json\/wp\/v2\/pages\/8918\/revisions"}],"predecessor-version":[{"id":32087,"href":"https:\/\/www.liski.it\/de\/wp-json\/wp\/v2\/pages\/8918\/revisions\/32087"}],"wp:attachment":[{"href":"https:\/\/www.liski.it\/de\/wp-json\/wp\/v2\/media?parent=8918"}],"curies":[{"name":"wp","href":"https:\/\/api.w.org\/{rel}","templated":true}]}}