{"id":9023,"date":"2017-12-15T14:42:16","date_gmt":"2017-12-15T14:42:16","guid":{"rendered":"http:\/\/www.liski.it\/affitti\/"},"modified":"2018-02-22T13:58:49","modified_gmt":"2018-02-22T13:58:49","slug":"affitti","status":"publish","type":"page","link":"https:\/\/www.liski.it\/de\/affitti\/","title":{"rendered":"Vermietungszubeh\u00f6r"},"content":{"rendered":"<p><strong>VERLEIH VON KOMPLETTEN AUSSTATTUNGEN F\u00dcR WETTK\u00c4MPFE UND SPORTVERANSTALTUNGEN<\/strong><\/p>\n<p>LISKI stellt sich seit jeher auf die Bed\u00fcrfnisse des Marktes ein und verf\u00fcgt \u00fcber die komplette Ausstattung f\u00fcr die Durchf\u00fchrung von Sportwettk\u00e4mpfen. Die gesamte Produktpalette kann auch gemietet werden, darunter auch die j\u00fcngste Errungenschaft der Technologie von LISKI, die Luft-Schutzmatte \u201cSAFETY AIR MATTRESS\u201d, die sowohl im Labor, wie auch auf der Piste getestet worden ist. Ihr Einsatz wird nunmehr von der FIS als unerl\u00e4sslich erachtet.<br \/>\nDie Luftmatte von LISKI wurde in den Crashtest-Laboren des CSI in Bollate (MAILAND \u2013 ITALIEN) getestet, in denen alle Arten von Crashtests unter extremsten Bedingungen durchgef\u00fchrt werden, um ein Produkt von h\u00f6chster Qualit\u00e4t und gr\u00f6\u00dftm\u00f6glicher Sicherheit garantieren zu k\u00f6nnen Die Tests haben wissenschaftlich erwiesen, dass die Luft-Schutzmatten von LISKI 96 % der kinetischen Energie absorbieren und den Aufprall des Sportlers um 1,5 m bis 2 m abfangen k\u00f6nnen.<br \/>\nIm Versuchszentrum von Bollate werden auch die Karosserien der FORMEL 1 Rennwagen Crashtests unterzogen, um so zu gew\u00e4hrleisten, dass die Piloten auch bei sehr heftigem Aufprall, der durch die extrem hohen Geschwindigkeiten gegeben ist, unverletzt bleiben.<\/p>\n<p>Zusammen mit dem Vermietungszubeh\u00f6r ist auch ein Komplettservice mit Transport, Aufsicht \u00fcber Auf- und Abbau und Abholung der Ausr\u00fcstung m\u00f6glich, oder der Kunde mietet lediglich das Material und \u00fcbernimmt den Transport und den Auf- und Abbau selbst.<br \/>\nZum Vermietungszubeh\u00f6r geh\u00f6ren auch Slalomstangen, Begrenzungs- und Absperrnetze, Aufprallmatten, komplette Zielaufbauten, Spr\u00fchstangen zur Pr\u00e4paration der Pisten und anderes Material, das auf Anfrage veranschlagt wird. <\/p>\n<p>Ein Gro\u00dfteil der Materialien kann auch w\u00e4hrend der Sommermonate gemietet werden, um Veranstaltungen abzuwickeln, bei denen Materialien wie Matten, Netze, Absperrungen etc. zur Garantie der Sicherheit und zur Organisation von R\u00e4umen erforderlich sind.<\/p>\n","protected":false},"excerpt":{"rendered":"<p>VERLEIH VON KOMPLETTEN AUSSTATTUNGEN F\u00dcR WETTK\u00c4MPFE UND SPORTVERANSTALTUNGEN LISKI stellt sich seit jeher auf die Bed\u00fcrfnisse des Marktes ein und verf\u00fcgt \u00fcber die komplette Ausstattung f\u00fcr die Durchf\u00fchrung von Sportwettk\u00e4mpfen. Die gesamte Produktpalette kann auch gemietet werden, darunter auch die j\u00fcngste Errungenschaft der Technologie von LISKI, die Luft-Schutzmatte \u201cSAFETY AIR MATTRESS\u201d, die sowohl im Labor, [&hellip;]<\/p>\n","protected":false},"author":4,"featured_media":0,"parent":0,"menu_order":19,"comment_status":"closed","ping_status":"closed","template":"template_affitti.php","meta":{"_acf_changed":false,"footnotes":""},"class_list":["post-9023","page","type-page","status-publish","hentry"],"acf":[],"_links":{"self":[{"href":"https:\/\/www.liski.it\/de\/wp-json\/wp\/v2\/pages\/9023","targetHints":{"allow":["GET"]}}],"collection":[{"href":"https:\/\/www.liski.it\/de\/wp-json\/wp\/v2\/pages"}],"about":[{"href":"https:\/\/www.liski.it\/de\/wp-json\/wp\/v2\/types\/page"}],"author":[{"embeddable":true,"href":"https:\/\/www.liski.it\/de\/wp-json\/wp\/v2\/users\/4"}],"replies":[{"embeddable":true,"href":"https:\/\/www.liski.it\/de\/wp-json\/wp\/v2\/comments?post=9023"}],"version-history":[{"count":2,"href":"https:\/\/www.liski.it\/de\/wp-json\/wp\/v2\/pages\/9023\/revisions"}],"predecessor-version":[{"id":9148,"href":"https:\/\/www.liski.it\/de\/wp-json\/wp\/v2\/pages\/9023\/revisions\/9148"}],"wp:attachment":[{"href":"https:\/\/www.liski.it\/de\/wp-json\/wp\/v2\/media?parent=9023"}],"curies":[{"name":"wp","href":"https:\/\/api.w.org\/{rel}","templated":true}]}}