{"id":9052,"date":"2017-12-15T14:05:26","date_gmt":"2017-12-15T14:05:26","guid":{"rendered":"http:\/\/www.liski.it\/contatti\/"},"modified":"2018-02-22T15:05:21","modified_gmt":"2018-02-22T15:05:21","slug":"contatti","status":"publish","type":"page","link":"https:\/\/www.liski.it\/de\/contatti\/","title":{"rendered":"Kontak"},"content":{"rendered":"<p>F\u00fcr weitere Informationen kontaktieren Sie uns bitte unter folgender Adresse:<br \/>\nTel. <a href=\"tel:00390354826195\">+39 035 4826195<\/a><\/p>\n<p>Oder f\u00fcllen Sie das nachstehende Formular aus, in dem die Referenzempf\u00e4nger nach Fachgebieten unterteilt sind.<br \/>\nUm zeitnahe und zielgerichtete Antworten zu gew\u00e4hrleisten, bitten wir Sie, die Anfragen an das zust\u00e4ndige B\u00fcro zu richten<\/p>\n\n<div class=\"wpcf7 no-js\" id=\"wpcf7-f9248-o1\" lang=\"it-IT\" dir=\"ltr\" data-wpcf7-id=\"9248\">\n<div class=\"screen-reader-response\"><p role=\"status\" aria-live=\"polite\" aria-atomic=\"true\"><\/p> <ul><\/ul><\/div>\n<form action=\"\/de\/wp-json\/wp\/v2\/pages\/9052#wpcf7-f9248-o1\" method=\"post\" class=\"wpcf7-form init\" aria-label=\"Modulo di contatto\" novalidate=\"novalidate\" data-status=\"init\">\n<fieldset class=\"hidden-fields-container\"><input type=\"hidden\" name=\"_wpcf7\" value=\"9248\" \/><input type=\"hidden\" name=\"_wpcf7_version\" value=\"6.1.5\" \/><input type=\"hidden\" name=\"_wpcf7_locale\" value=\"it_IT\" \/><input type=\"hidden\" name=\"_wpcf7_unit_tag\" value=\"wpcf7-f9248-o1\" \/><input type=\"hidden\" name=\"_wpcf7_container_post\" value=\"0\" \/><input type=\"hidden\" name=\"_wpcf7_posted_data_hash\" value=\"\" \/><input type=\"hidden\" name=\"_wpcf7_recaptcha_response\" value=\"\" \/>\n<\/fieldset>\n<div class=\"row\">\n\t<div class=\"col-xs-12\">\n\t\t<div class=\"row\">\n\t\t\t<div class=\"col-sm-6\">\n\t\t\t\t<p><span class=\"wpcf7-form-control-wrap\" data-name=\"your-name\"><input size=\"40\" maxlength=\"400\" class=\"wpcf7-form-control wpcf7-text wpcf7-validates-as-required form-control inputprodform\" aria-required=\"true\" aria-invalid=\"false\" placeholder=\"Name*\" value=\"\" type=\"text\" name=\"your-name\" \/><\/span>\n\t\t\t\t<\/p>\n\t\t\t<\/div>\n\t\t\t<div class=\"col-sm-6\">\n\t\t\t\t<p><span class=\"wpcf7-form-control-wrap\" data-name=\"cognome\"><input size=\"40\" maxlength=\"400\" class=\"wpcf7-form-control wpcf7-text wpcf7-validates-as-required form-control inputprodform\" aria-required=\"true\" aria-invalid=\"false\" placeholder=\"Nachname*\" value=\"\" type=\"text\" name=\"cognome\" \/><\/span>\n\t\t\t\t<\/p>\n\t\t\t<\/div>\n\t\t<\/div>\n\t\t<div class=\"row\">\n\t\t\t<div class=\"col-sm-6\">\n\t\t\t\t<p><span class=\"wpcf7-form-control-wrap\" data-name=\"azienda\"><input size=\"40\" maxlength=\"400\" class=\"wpcf7-form-control wpcf7-text form-control inputprodform\" aria-invalid=\"false\" placeholder=\"Unternehmen\" value=\"\" type=\"text\" name=\"azienda\" \/><\/span>\n\t\t\t\t<\/p>\n\t\t\t<\/div>\n\t\t\t<div class=\"col-sm-6\">\n\t\t\t\t<p><span class=\"wpcf7-form-control-wrap\" data-name=\"indirizzo\"><input size=\"40\" maxlength=\"400\" class=\"wpcf7-form-control wpcf7-text wpcf7-validates-as-required form-control inputprodform\" aria-required=\"true\" aria-invalid=\"false\" placeholder=\"Adresse*\" value=\"\" type=\"text\" name=\"indirizzo\" \/><\/span>\n\t\t\t\t<\/p>\n\t\t\t<\/div>\n\t\t<\/div>\n\t\t<div class=\"row\">\n\t\t\t<div class=\"col-sm-6\">\n\t\t\t\t<p><span class=\"wpcf7-form-control-wrap\" data-name=\"citta\"><input size=\"40\" maxlength=\"400\" class=\"wpcf7-form-control wpcf7-text wpcf7-validates-as-required form-control inputprodform\" aria-required=\"true\" aria-invalid=\"false\" placeholder=\"Stadt*\" value=\"\" type=\"text\" name=\"citta\" \/><\/span>\n\t\t\t\t<\/p>\n\t\t\t<\/div>\n\t\t\t<div class=\"col-sm-6\">\n\t\t\t\t<p><span class=\"wpcf7-form-control-wrap\" data-name=\"provincia\"><input size=\"40\" maxlength=\"400\" class=\"wpcf7-form-control wpcf7-text wpcf7-validates-as-required form-control inputprodform\" aria-required=\"true\" aria-invalid=\"false\" placeholder=\"Provinz*\" value=\"\" type=\"text\" name=\"provincia\" \/><\/span>\n\t\t\t\t<\/p>\n\t\t\t<\/div>\n\t\t<\/div>\n\t\t<div class=\"row\">\n\t\t\t<div class=\"col-sm-6\">\n\t\t\t\t<p><span class=\"wpcf7-form-control-wrap\" data-name=\"telefono\"><input size=\"40\" maxlength=\"400\" class=\"wpcf7-form-control wpcf7-text form-control inputprodform\" aria-invalid=\"false\" placeholder=\"Telefon\" value=\"\" type=\"text\" name=\"telefono\" \/><\/span>\n\t\t\t\t<\/p>\n\t\t\t<\/div>\n\t\t\t<div class=\"col-sm-6\">\n\t\t\t\t<p><span class=\"wpcf7-form-control-wrap\" data-name=\"cellulare\"><input size=\"40\" maxlength=\"400\" class=\"wpcf7-form-control wpcf7-text form-control inputprodform\" aria-invalid=\"false\" placeholder=\"Handy\" value=\"\" type=\"text\" name=\"cellulare\" \/><\/span>\n\t\t\t\t<\/p>\n\t\t\t<\/div>\n\t\t<\/div>\n\t\t<div class=\"row\">\n\t\t\t<div class=\"col-sm-6\">\n\t\t\t\t<p><span class=\"wpcf7-form-control-wrap\" data-name=\"fax\"><input size=\"40\" maxlength=\"400\" class=\"wpcf7-form-control wpcf7-text form-control inputprodform\" aria-invalid=\"false\" placeholder=\"Fax\" value=\"\" type=\"text\" name=\"fax\" \/><\/span>\n\t\t\t\t<\/p>\n\t\t\t<\/div>\n\t\t\t<div class=\"col-sm-6\">\n\t\t\t\t<p><span class=\"wpcf7-form-control-wrap\" data-name=\"your-email\"><input size=\"40\" maxlength=\"400\" class=\"wpcf7-form-control wpcf7-email wpcf7-validates-as-required wpcf7-text wpcf7-validates-as-email form-control inputprodform\" aria-required=\"true\" aria-invalid=\"false\" placeholder=\"E-mail*\" value=\"\" type=\"email\" name=\"your-email\" \/><\/span>\n\t\t\t\t<\/p>\n\t\t\t<\/div>\n\t\t<\/div>\n\t\t<div class=\"row\">\n\t\t\t<div class=\"col-sm-12\">\n\t\t\t\t<p><span class=\"wpcf7-form-control-wrap\" data-name=\"destinatario\"><select class=\"wpcf7-form-control wpcf7-select wpcf7-validates-as-required form-control inputprodform\" aria-required=\"true\" aria-invalid=\"false\" name=\"destinatario\"><option value=\"\">&#8212;Seleziona un&#039;opzione&#8212;<\/option><option value=\"Generelle Informationen\">Generelle Informationen<\/option><option value=\"Verkauf Italien \/ Ausland \u2013 Herr Ceresoli Luca\">Verkauf Italien \/ Ausland \u2013 Herr Ceresoli Luca<\/option><option value=\"Verkauf Italien \/ Ausland \u2013 Herr Carpano Stefano\">Verkauf Italien \/ Ausland \u2013 Herr Carpano Stefano<\/option><option value=\"Verkauf Italien \/ Ausland \u2013 Herr Cigala Fulgosi Alberto\">Verkauf Italien \/ Ausland \u2013 Herr Cigala Fulgosi Alberto<\/option><option value=\"Marketing und PR \u2013 Herr Ceresoli Luca\">Marketing und PR \u2013 Herr Ceresoli Luca<\/option><option value=\"Verwaltung \/ Buchhaltung \u2013 Herr Bolognini Massimo\">Verwaltung \/ Buchhaltung \u2013 Herr Bolognini Massimo<\/option><option value=\"Technisches B\u00fcro \u2013 Sodi Arnold\">Technisches B\u00fcro \u2013 Sodi Arnold<\/option><option value=\"Einkauf \u2013 Herr Bevacqua Marco\">Einkauf \u2013 Herr Bevacqua Marco<\/option><option value=\"Gesch\u00e4ftsleitung \u2013 Dr. Fernandez Carlo\">Gesch\u00e4ftsleitung \u2013 Dr. Fernandez Carlo<\/option><\/select><\/span>\n\t\t\t\t<\/p>\n\t\t\t<\/div>\n\t\t<\/div>\n\t\t<div class=\"row\">\n\t\t\t<div class=\"col-sm-12\">\n\t\t\t\t<p><span class=\"wpcf7-form-control-wrap\" data-name=\"messaggio\"><textarea cols=\"40\" rows=\"10\" maxlength=\"2000\" class=\"wpcf7-form-control wpcf7-textarea wpcf7-validates-as-required form-control messaggioprodform\" aria-required=\"true\" aria-invalid=\"false\" placeholder=\"Anfrage*\" name=\"messaggio\"><\/textarea><\/span>\n\t\t\t\t<\/p>\n\t\t\t<\/div>\n\t\t<\/div>\n\t\t<div class=\"row\">\n\t\t\t<div class=\"col-sm-12 privacy\">\n\t\t\t\t<p>Die \u00fcbermittelten personenbezogenen Daten werden von LISKI s.r.l. verwendet. gem\u00e4\u00df <a href=\"http:\/\/www.liski.it\/privacy-and-cookie-policy\/\" target=\"_blank\">Privacy 2016\/679 (GDPR)<\/a> \u00fcber Privatsph\u00e4re und wird nur f\u00fcr das Senden von Informationen \u00fcber Aktivit\u00e4ten verwendet werden. Sie k\u00f6nnen die K\u00fcndigung jederzeit per E-Mail anfordern.\n\t\t\t\t<\/p>\n\t\t\t\t<p><label class=\"checkbox-inline\"><span class=\"wpcf7-form-control-wrap\" data-name=\"accetta\"><span class=\"wpcf7-form-control wpcf7-acceptance\"><span class=\"wpcf7-list-item\"><input type=\"checkbox\" name=\"accetta\" value=\"1\" aria-invalid=\"false\" \/><\/span><\/span><\/span> ich akzeptiere<\/label>\n\t\t\t\t<\/p>\n\t\t\t<\/div>\n\t\t<\/div>\n\t\t<div class=\"row\">\n\t\t\t<div class=\"col-xs-12 text-center\">\n\t\t\t<span class=\"wpcf7-form-control-wrap recaptcha\" data-name=\"recaptcha\"><span data-sitekey=\"6Ldb-kAUAAAAAPvkATHI0NHU2HaT-Do10vmsrd-a\" data-size=\"normal\" class=\"wpcf7-form-control wpcf7-recaptcha g-recaptcha\"><\/span>\r\n<noscript>\r\n\t<div class=\"grecaptcha-noscript\">\r\n\t\t<iframe loading=\"lazy\" src=\"https:\/\/www.google.com\/recaptcha\/api\/fallback?k=6Ldb-kAUAAAAAPvkATHI0NHU2HaT-Do10vmsrd-a\" frameborder=\"0\" scrolling=\"no\" width=\"310\" height=\"430\">\r\n\t\t<\/iframe>\r\n\t\t<textarea name=\"g-recaptcha-response\" rows=\"3\" cols=\"40\" placeholder=\"reCaptcha Response Here\">\r\n\t\t<\/textarea>\r\n\t<\/div>\r\n<\/noscript>\r\n<\/span>\n\t\t\t<\/div>\n\t\t<\/div>\n\t\t<div class=\"row\">\n\t\t\t<div class=\"col-xs-12 text-center\">\n\t\t\t\t<p><input class=\"wpcf7-form-control wpcf7-submit has-spinner belbutu\" type=\"submit\" value=\"SENDEN\" \/>\n\t\t\t\t<\/p>\n\t\t\t<\/div>\n\t\t<\/div>\n\t<\/div>\n<\/div><div class=\"wpcf7-response-output\" aria-hidden=\"true\"><\/div>\n<\/form>\n<\/div>\n\n","protected":false},"excerpt":{"rendered":"<p>F\u00fcr weitere Informationen kontaktieren Sie uns bitte unter folgender Adresse: Tel. +39 035 4826195 Oder f\u00fcllen Sie das nachstehende Formular aus, in dem die Referenzempf\u00e4nger nach Fachgebieten unterteilt sind. Um zeitnahe und zielgerichtete Antworten zu gew\u00e4hrleisten, bitten wir Sie, die Anfragen an das zust\u00e4ndige B\u00fcro zu richten<\/p>\n","protected":false},"author":4,"featured_media":0,"parent":0,"menu_order":0,"comment_status":"closed","ping_status":"closed","template":"template_contatti.php","meta":{"_acf_changed":false,"footnotes":""},"class_list":["post-9052","page","type-page","status-publish","hentry"],"acf":[],"_links":{"self":[{"href":"https:\/\/www.liski.it\/de\/wp-json\/wp\/v2\/pages\/9052","targetHints":{"allow":["GET"]}}],"collection":[{"href":"https:\/\/www.liski.it\/de\/wp-json\/wp\/v2\/pages"}],"about":[{"href":"https:\/\/www.liski.it\/de\/wp-json\/wp\/v2\/types\/page"}],"author":[{"embeddable":true,"href":"https:\/\/www.liski.it\/de\/wp-json\/wp\/v2\/users\/4"}],"replies":[{"embeddable":true,"href":"https:\/\/www.liski.it\/de\/wp-json\/wp\/v2\/comments?post=9052"}],"version-history":[{"count":4,"href":"https:\/\/www.liski.it\/de\/wp-json\/wp\/v2\/pages\/9052\/revisions"}],"predecessor-version":[{"id":9251,"href":"https:\/\/www.liski.it\/de\/wp-json\/wp\/v2\/pages\/9052\/revisions\/9251"}],"wp:attachment":[{"href":"https:\/\/www.liski.it\/de\/wp-json\/wp\/v2\/media?parent=9052"}],"curies":[{"name":"wp","href":"https:\/\/api.w.org\/{rel}","templated":true}]}}