{"id":19465,"date":"2022-12-06T10:56:17","date_gmt":"2022-12-06T10:56:17","guid":{"rendered":"https:\/\/www.liski.it\/sostenibilita-ambientale\/"},"modified":"2023-08-10T06:28:59","modified_gmt":"2023-08-10T06:28:59","slug":"sostenibilita-ambientale","status":"publish","type":"page","link":"https:\/\/www.liski.it\/en\/sostenibilita-ambientale\/","title":{"rendered":"Environmental sustainability"},"content":{"rendered":"\n<div class=\"wp-block-columns is-layout-flex wp-container-core-columns-is-layout-9d6595d7 wp-block-columns-is-layout-flex\">\n<div class=\"wp-block-column is-layout-flow wp-block-column-is-layout-flow\">\n<figure class=\"wp-block-image size-full\"><img loading=\"lazy\" decoding=\"async\" width=\"761\" height=\"549\" src=\"http:\/\/www.liski.it\/wp-content\/uploads\/2022\/12\/Cover_brochure.png\" alt=\"\" class=\"wp-image-19016\" srcset=\"https:\/\/www.liski.it\/wp-content\/uploads\/2022\/12\/Cover_brochure.png 761w, https:\/\/www.liski.it\/wp-content\/uploads\/2022\/12\/Cover_brochure-300x216.png 300w\" sizes=\"auto, (max-width: 761px) 100vw, 761px\" \/><\/figure>\n<\/div>\n\n\n\n<div class=\"wp-block-column is-layout-flow wp-block-column-is-layout-flow\">\n<p>One of the most important values \u200b\u200bof sport is respect: respect for the rules, for opponents, for one&#8217;s teammates.<\/p>\n\n\n\n<p><p>A value that we have embraced since the birth of Liski, more than 40 years ago and that we also increasingly extend towards the environment. Liski&#8217;s business was born and raised in the mountains, one of the most fragile ecosystems, in need of attention and at the same time enhancement.<\/p>\n<div style=\"height:2px;width;2px;overflow:hidden;\"> Un seul magasin de <a href=\"https:\/\/www.repliquemontre.to\">replique montres<\/a>. Il existe des montres de diff\u00e9rentes marques, du m\u00eame style que l&#8217;\u00e9toile, le prix est bon march\u00e9 et la qualit\u00e9 est bonne.<\/div><\/p>\n\n\n\n<p>We have included this value in our logo, &#8220;coloring&#8221; our K green, to firmly state that Liski wants to be increasingly sustainable and respectful.<\/p>\n<\/div>\n<\/div>\n\n\n\n<p>The next step was to add a &#8220;green tag&#8221; to the logo, to clearly identify and communicate all the programs that Liski and its partners implement to guarantee the sustainability of their products and activities.<\/p>\n\n\n\n<p><\/p>\n\n\n\n<figure class=\"wp-block-image size-large is-resized\"><img loading=\"lazy\" decoding=\"async\" src=\"http:\/\/www.liski.it\/wp-content\/uploads\/2022\/12\/Logo_neve-1024x332.jpg\" alt=\"\" class=\"wp-image-19058\" width=\"840\" height=\"272\" srcset=\"https:\/\/www.liski.it\/wp-content\/uploads\/2022\/12\/Logo_neve-1024x332.jpg 1024w, https:\/\/www.liski.it\/wp-content\/uploads\/2022\/12\/Logo_neve-300x97.jpg 300w, https:\/\/www.liski.it\/wp-content\/uploads\/2022\/12\/Logo_neve-768x249.jpg 768w, https:\/\/www.liski.it\/wp-content\/uploads\/2022\/12\/Logo_neve-1536x499.jpg 1536w, https:\/\/www.liski.it\/wp-content\/uploads\/2022\/12\/Logo_neve.jpg 1673w\" sizes=\"auto, (max-width: 840px) 100vw, 840px\" \/><\/figure>\n\n\n\n<p><strong>Our research and development division is constantly working to find new solutions to pursue this commitment. And as sportsmen we know it: commitment, preparation, passion lead to results.<\/strong><\/p>\n","protected":false},"excerpt":{"rendered":"<p>One of the most important values \u200b\u200bof sport is respect: respect for the rules, for opponents, for one&#8217;s teammates. A value that we have embraced since the birth of Liski, more than 40 years ago and that we also increasingly extend towards the environment. Liski&#8217;s business was born and raised in the mountains, one of [&hellip;]<\/p>\n","protected":false},"author":4,"featured_media":0,"parent":0,"menu_order":0,"comment_status":"closed","ping_status":"closed","template":"template_sostenibilita.php","meta":{"_acf_changed":false,"footnotes":""},"class_list":["post-19465","page","type-page","status-publish","hentry"],"acf":[],"_links":{"self":[{"href":"https:\/\/www.liski.it\/en\/wp-json\/wp\/v2\/pages\/19465","targetHints":{"allow":["GET"]}}],"collection":[{"href":"https:\/\/www.liski.it\/en\/wp-json\/wp\/v2\/pages"}],"about":[{"href":"https:\/\/www.liski.it\/en\/wp-json\/wp\/v2\/types\/page"}],"author":[{"embeddable":true,"href":"https:\/\/www.liski.it\/en\/wp-json\/wp\/v2\/users\/4"}],"replies":[{"embeddable":true,"href":"https:\/\/www.liski.it\/en\/wp-json\/wp\/v2\/comments?post=19465"}],"version-history":[{"count":2,"href":"https:\/\/www.liski.it\/en\/wp-json\/wp\/v2\/pages\/19465\/revisions"}],"predecessor-version":[{"id":20520,"href":"https:\/\/www.liski.it\/en\/wp-json\/wp\/v2\/pages\/19465\/revisions\/20520"}],"wp:attachment":[{"href":"https:\/\/www.liski.it\/en\/wp-json\/wp\/v2\/media?parent=19465"}],"curies":[{"name":"wp","href":"https:\/\/api.w.org\/{rel}","templated":true}]}}